{"id":551,"date":"2022-10-15T13:05:09","date_gmt":"2022-10-15T13:05:09","guid":{"rendered":"https:\/\/budde-systems.com\/?page_id=551"},"modified":"2022-10-17T17:01:29","modified_gmt":"2022-10-17T17:01:29","slug":"palettendrehteller","status":"publish","type":"page","link":"https:\/\/budde-systems.com\/en\/palettendrehteller\/","title":{"rendered":"Pallet turntable"},"content":{"rendered":"<p>[et_pb_section fb_built=&#8220;1&#8243; admin_label=&#8220;Hero&#8220; _builder_version=&#8220;4.18.0&#8243; _module_preset=&#8220;default&#8220; use_background_color_gradient=&#8220;on&#8220; background_color_gradient_type=&#8220;circular&#8220; background_color_gradient_direction_radial=&#8220;top left&#8220; background_color_gradient_stops=&#8220;rgba(98,101,97,0.52) 0%|rgba(98,101,97,0.52) 100%&#8220; background_color_gradient_overlays_image=&#8220;on&#8220; background_color_gradient_start=&#8220;rgba(40,40,40,0.79)&#8220; background_color_gradient_end=&#8220;rgba(40,40,40,0.86)&#8220; background_enable_image=&#8220;off&#8220; custom_margin=&#8220;||||false&#8220; custom_padding=&#8220;||||true|false&#8220; locked=&#8220;off&#8220; global_colors_info=&#8220;{}&#8220;][et_pb_row admin_label=&#8220;Zeile&#8220; _builder_version=&#8220;4.17.4&#8243; _module_preset=&#8220;default&#8220; global_colors_info=&#8220;{}&#8220;][et_pb_column type=&#8220;4_4&#8243; _builder_version=&#8220;4.17.4&#8243; _module_preset=&#8220;default&#8220; custom_padding=&#8220;|||&#8220; global_colors_info=&#8220;{}&#8220; custom_padding__hover=&#8220;|||&#8220;][et_pb_text content_tablet=&#8220;<\/p>\n<h1><b>Palettendrehteller <\/b><\/h1>\n<p>&#8220; content_phone=&#8220;<\/p>\n<h1><b>Paletten-<br \/>drehteller <\/b><\/h1>\n<p>&#8220; content_last_edited=&#8220;on|phone&#8220; _builder_version=&#8220;4.18.0&#8243; _module_preset=&#8220;default&#8220; text_font=&#8220;||||||||&#8220; header_font=&#8220;|700||on|||||&#8220; header_font_size=&#8220;64px&#8220; header_line_height=&#8220;1.1em&#8220; background_layout=&#8220;dark&#8220; max_width=&#8220;800px&#8220; custom_margin=&#8220;||0px|&#8220; custom_padding=&#8220;|||16px&#8220; hover_enabled=&#8220;0&#8243; text_font_size_tablet=&#8220;14px&#8220; text_font_size_last_edited=&#8220;off|desktop&#8220; header_font_size_tablet=&#8220;44px&#8220; header_font_size_phone=&#8220;32px&#8220; header_font_size_last_edited=&#8220;on|phone&#8220; border_color_all=&#8220;#ffb400&#8243; border_width_left=&#8220;10px&#8220; border_color_left=&#8220;#003D5B&#8220; global_colors_info=&#8220;{}&#8220; width__hover_enabled=&#8220;on|desktop&#8220; sticky_enabled=&#8220;0&#8243;]<\/p>\n<h1><b>Paletten\u00ad&shy;drehteller <\/b><\/h1>\n<p>[\/et_pb_text][\/et_pb_column][\/et_pb_row][et_pb_row _builder_version=&#8220;4.18.0&#8243; _module_preset=&#8220;default&#8220; global_colors_info=&#8220;{}&#8220;][et_pb_column type=&#8220;4_4&#8243; _builder_version=&#8220;4.18.0&#8243; _module_preset=&#8220;default&#8220; global_colors_info=&#8220;{}&#8220;][et_pb_text _builder_version=&#8220;4.18.0&#8243; _module_preset=&#8220;default&#8220; text_font=&#8220;|600|||||||&#8220; text_text_color=&#8220;#003D5B&#8220; text_font_size=&#8220;20px&#8220; text_line_height=&#8220;1.8em&#8220; width=&#8220;80%&#8220; width_tablet=&#8220;100%&#8220; width_phone=&#8220;100%&#8220; width_last_edited=&#8220;on|phone&#8220; global_colors_info=&#8220;{}&#8220;]<\/p>\n<p><span>Der Palettendrehteller ist f\u00fcr den Richtungswechsel von Paletten konstruiert. Standardm\u00e4\u00dfig ist eine Drehung von 90\u00b0 vorgesehen, diese kann allerdings variiert werden. Der Einsatz hochwertiger Komponenten \u201emade in Germany\u201c garantiert auch hier h\u00f6chste Qualit\u00e4t.<\/span><\/p>\n<p>[\/et_pb_text][\/et_pb_column][\/et_pb_row][\/et_pb_section][et_pb_section fb_built=&#8220;1&#8243; disabled_on=&#8220;on|on|on&#8220; admin_label=&#8220; Get a Quote&#8220; _builder_version=&#8220;4.18.0&#8243; _module_preset=&#8220;default&#8220; custom_padding=&#8220;20px|0px|20px|0px|true|false&#8220; animation_style=&#8220;slide&#8220; animation_direction=&#8220;top&#8220; animation_intensity_slide=&#8220;10%&#8220; box_shadow_style=&#8220;preset3&#8243; box_shadow_vertical=&#8220;10px&#8220; box_shadow_blur=&#8220;105px&#8220; box_shadow_spread=&#8220;0px&#8220; box_shadow_color=&#8220;rgba(0,0,0,0.12)&#8220; disabled=&#8220;on&#8220; global_module=&#8220;303&#8243; saved_tabs=&#8220;all&#8220; global_colors_info=&#8220;{}&#8220;][et_pb_row column_structure=&#8220;3_5,1_5,1_5&#8243; use_custom_gutter=&#8220;on&#8220; _builder_version=&#8220;4.18.0&#8243; _module_preset=&#8220;default&#8220; background_color=&#8220;#ffffff&#8220; width=&#8220;100%&#8220; max_width=&#8220;1300px&#8220; custom_margin=&#8220;|||&#8220; global_colors_info=&#8220;{}&#8220;][et_pb_column type=&#8220;3_5&#8243; _builder_version=&#8220;4.18.0&#8243; _module_preset=&#8220;default&#8220; background_color=&#8220;RGBA(255,255,255,0)&#8220; custom_padding=&#8220;|||0px|false|false&#8220; custom_css_main_element=&#8220;width: 50%!important;&#8220; global_colors_info=&#8220;{}&#8220; custom_padding__hover=&#8220;|||&#8220;][et_pb_blurb title=&#8220;Jetzt Beratungstermin vereinbaren&#8220; use_icon=&#8220;on&#8220; font_icon=&#8220;&#x76;||divi||400&#8243; icon_color=&#8220;#626561&#8243; icon_placement=&#8220;left&#8220; image_icon_width=&#8220;42px&#8220; content_max_width=&#8220;568px&#8220; _builder_version=&#8220;4.18.0&#8243; _module_preset=&#8220;default&#8220; header_level=&#8220;h1&#8243; header_font=&#8220;|700|||||||&#8220; header_text_align=&#8220;left&#8220; header_text_color=&#8220;#003D5B&#8220; header_font_size=&#8220;32px&#8220; body_text_align=&#8220;left&#8220; image_icon_custom_margin=&#8220;-5px||||false|false&#8220; custom_margin=&#8220;||||false|false&#8220; custom_padding=&#8220;8px||||false|false&#8220; global_colors_info=&#8220;{}&#8220;][\/et_pb_blurb][\/et_pb_column][et_pb_column type=&#8220;1_5&#8243; _builder_version=&#8220;4.17.6&#8243; _module_preset=&#8220;default&#8220; custom_padding=&#8220;|||&#8220; global_colors_info=&#8220;{}&#8220; custom_padding__hover=&#8220;|||&#8220;][et_pb_button button_url=&#8220;@ET-DC@eyJkeW5hbWljIjp0cnVlLCJjb250ZW50IjoicG9zdF9saW5rX3VybF9wYWdlIiwic2V0dGluZ3MiOnsicG9zdF9pZCI6IjM2OSJ9fQ==@&#8220; button_text=&#8220;Kontakt&#8220; _builder_version=&#8220;4.18.0&#8243; _dynamic_attributes=&#8220;button_url&#8220; _module_preset=&#8220;default&#8220; custom_button=&#8220;on&#8220; button_text_size=&#8220;20px&#8220; button_text_color=&#8220;#003D5B&#8220; button_border_width=&#8220;4px&#8220; button_border_radius=&#8220;0px&#8220; button_letter_spacing=&#8220;1px&#8220; button_font=&#8220;|700||on|||||&#8220; button_use_icon=&#8220;off&#8220; custom_padding=&#8220;5px|30px|5px|30px|true|true&#8220; button_text_color_hover=&#8220;#ffffff&#8220; button_border_color_hover=&#8220;#ffb400&#8243; button_bg_color_hover=&#8220;#ffb400&#8243; global_colors_info=&#8220;{}&#8220; button_text_size__hover_enabled=&#8220;off&#8220; button_one_text_size__hover_enabled=&#8220;off&#8220; button_two_text_size__hover_enabled=&#8220;off&#8220; button_text_color__hover_enabled=&#8220;on|desktop&#8220; button_text_color__hover=&#8220;#FFFFFF&#8220; button_one_text_color__hover_enabled=&#8220;off&#8220; button_two_text_color__hover_enabled=&#8220;off&#8220; button_border_width__hover_enabled=&#8220;off&#8220; button_one_border_width__hover_enabled=&#8220;off&#8220; button_two_border_width__hover_enabled=&#8220;off&#8220; button_border_color__hover_enabled=&#8220;on&#8220; button_border_color__hover=&#8220;#003D5B&#8220; button_one_border_color__hover_enabled=&#8220;off&#8220; button_two_border_color__hover_enabled=&#8220;off&#8220; button_border_radius__hover_enabled=&#8220;off&#8220; button_one_border_radius__hover_enabled=&#8220;off&#8220; button_two_border_radius__hover_enabled=&#8220;off&#8220; button_letter_spacing__hover_enabled=&#8220;off&#8220; button_one_letter_spacing__hover_enabled=&#8220;off&#8220; button_two_letter_spacing__hover_enabled=&#8220;off&#8220; button_bg_color__hover_enabled=&#8220;on|hover&#8220; button_bg_color__hover=&#8220;#003D5B&#8220; button_one_bg_color__hover_enabled=&#8220;off&#8220; button_two_bg_color__hover_enabled=&#8220;off&#8220; button_bg_enable_color__hover=&#8220;on&#8220;][\/et_pb_button][\/et_pb_column][et_pb_column type=&#8220;1_5&#8243; _builder_version=&#8220;4.17.6&#8243; _module_preset=&#8220;default&#8220; background_color=&#8220;RGBA(255,255,255,0)&#8220; custom_padding=&#8220;||||false|false&#8220; custom_css_main_element=&#8220;width: 20%!important;&#8220; global_colors_info=&#8220;{}&#8220; custom_padding__hover=&#8220;|||&#8220;][et_pb_text _builder_version=&#8220;4.18.0&#8243; _module_preset=&#8220;default&#8220; text_font=&#8220;|600|||||||&#8220; text_text_color=&#8220;#003D5B&#8220; text_font_size=&#8220;26px&#8220; header_2_font_size=&#8220;42px&#8220; background_color=&#8220;RGBA(255,255,255,0)&#8220; custom_margin=&#8220;16px|||0px|false|false&#8220; header_2_font_size_tablet=&#8220;&#8220; header_2_font_size_phone=&#8220;36px&#8220; header_2_font_size_last_edited=&#8220;on|phone&#8220; global_colors_info=&#8220;{}&#8220;]<\/p>\n<p style=\"text-align: right;\">+49 (0) 5207 &#8211; 992 88-0<\/p>\n<p>[\/et_pb_text][\/et_pb_column][\/et_pb_row][\/et_pb_section][et_pb_section fb_built=&#8220;1&#8243; admin_label=&#8220;About Us&#8220; _builder_version=&#8220;4.17.6&#8243; background_color=&#8220;rgba(98,101,97,0.11)&#8220; global_colors_info=&#8220;{}&#8220;][et_pb_row _builder_version=&#8220;4.18.0&#8243; _module_preset=&#8220;default&#8220; global_colors_info=&#8220;{}&#8220;][et_pb_column type=&#8220;4_4&#8243; _builder_version=&#8220;4.18.0&#8243; _module_preset=&#8220;default&#8220; global_colors_info=&#8220;{}&#8220;][et_pb_text content_tablet=&#8220;<\/p>\n<h2>Palettendrehteller BS-PD3001<\/h2>\n<p>&#8220; content_phone=&#8220;<\/p>\n<h2>Palettendrehteller <br \/>BS-PD3001<\/h2>\n<p>&#8220; content_last_edited=&#8220;on|phone&#8220; _builder_version=&#8220;4.18.0&#8243; text_font=&#8220;||||||||&#8220; header_font=&#8220;||||||||&#8220; header_2_font=&#8220;|700|||||||&#8220; header_2_text_color=&#8220;#003D5B&#8220; header_2_font_size=&#8220;42px&#8220; header_2_line_height=&#8220;1.2em&#8220; text_orientation=&#8220;center&#8220; module_alignment=&#8220;center&#8220; custom_margin=&#8220;|||&#8220; custom_padding=&#8220;|||&#8220; header_2_font_size_tablet=&#8220;&#8220; header_2_font_size_phone=&#8220;30px&#8220; header_2_font_size_last_edited=&#8220;on|phone&#8220; locked=&#8220;off&#8220; global_colors_info=&#8220;{}&#8220;]<\/p>\n<h2>Palettendrehteller BS-PD3001<\/h2>\n<p>[\/et_pb_text][et_pb_divider color=&#8220;#626561&#8243; divider_position=&#8220;center&#8220; divider_weight=&#8220;5px&#8220; _builder_version=&#8220;4.17.6&#8243; max_width=&#8220;50px&#8220; module_alignment=&#8220;center&#8220; locked=&#8220;off&#8220; global_colors_info=&#8220;{}&#8220;][\/et_pb_divider][\/et_pb_column][\/et_pb_row][et_pb_row column_structure=&#8220;1_2,1_2&#8243; _builder_version=&#8220;4.17.6&#8243; _module_preset=&#8220;default&#8220; global_colors_info=&#8220;{}&#8220;][et_pb_column type=&#8220;1_2&#8243; _builder_version=&#8220;4.17.6&#8243; _module_preset=&#8220;default&#8220; global_colors_info=&#8220;{}&#8220;][et_pb_image src=&#8220;https:\/\/budde-systems.com\/wp-content\/uploads\/2022\/10\/Palettendrehteller_600x600px.jpg&#8220; title_text=&#8220;Palettendrehteller_600x600px&#8220; _builder_version=&#8220;4.18.0&#8243; _module_preset=&#8220;default&#8220; global_colors_info=&#8220;{}&#8220;][\/et_pb_image][\/et_pb_column][et_pb_column type=&#8220;1_2&#8243; _builder_version=&#8220;4.17.6&#8243; _module_preset=&#8220;default&#8220; global_colors_info=&#8220;{}&#8220;][et_pb_text _builder_version=&#8220;4.18.0&#8243; _module_preset=&#8220;default&#8220; text_font_size=&#8220;18px&#8220; text_line_height=&#8220;1.8em&#8220; global_colors_info=&#8220;{}&#8220;]Der Palettendrehteller ist f\u00fcr den Richtungswechsel von Paletten konstruiert. Standardm\u00e4\u00dfig ist eine Drehung von 90\u00b0 vorgesehen, diese kann allerdings variiert werden. Der Einsatz hochwertiger Komponenten \u201emade in Germany\u201c garantiert auch hier h\u00f6chste Qualit\u00e4t.[\/et_pb_text][\/et_pb_column][\/et_pb_row][et_pb_row _builder_version=&#8220;4.18.0&#8243; _module_preset=&#8220;default&#8220; global_colors_info=&#8220;{}&#8220;][et_pb_column type=&#8220;4_4&#8243; _builder_version=&#8220;4.18.0&#8243; _module_preset=&#8220;default&#8220; global_colors_info=&#8220;{}&#8220;][et_pb_tabs active_tab_background_color=&#8220;#003D5B&#8220; _builder_version=&#8220;4.18.0&#8243; _module_preset=&#8220;default&#8220; tab_text_color=&#8220;#FFFFFF&#8220; background_color=&#8220;#FFFFFF&#8220; border_width_all=&#8220;0px&#8220; border_color_all=&#8220;#626561&#8243; global_colors_info=&#8220;{}&#8220;][et_pb_tab title=&#8220;Technische Daten&#8220; content_tablet=&#8220;<\/p>\n<table style=%22height: 450px; width: 550px;%22 height=%22506%22>\n<tbody>\n<tr>\n<td style=%22width: 358px;%22><strong>Drehmodul <\/strong><\/td>\n<td style=%22width: 654px;%22><span style=%22font-weight: 400;%22>Verzahnter Drehkranz<\/span><\/td>\n<\/tr>\n<tr>\n<td style=%22width: 358px;%22><strong>Durchmesser<\/strong><\/td>\n<td style=%22width: 654px;%22><span style=%22font-weight: 400;%22>ab 1.200 mm <\/span><\/td>\n<\/tr>\n<tr>\n<td style=%22width: 358px;%22><strong>Bauh\u00f6he <\/strong><\/td>\n<td style=%22width: 654px;%22><span style=%22font-weight: 400;%22>ab 300 mm<\/span><\/td>\n<\/tr>\n<tr>\n<td style=%22width: 358px;%22><strong>Geschwindigkeit <\/strong><\/td>\n<td style=%22width: 654px;%22><span style=%22font-weight: 400;%22>2,5 upm<\/span><\/td>\n<\/tr>\n<tr>\n<td style=%22width: 358px;%22><strong>Nutzlast<\/strong><\/td>\n<td style=%22width: 654px;%22><span style=%22font-weight: 400;%22>bis 2.500 kg<\/span><\/td>\n<\/tr>\n<tr>\n<td style=%22width: 358px;%22><strong>Antrieb (IE3\/4), reversierbar<\/strong><\/td>\n<td style=%22width: 654px;%22><span style=%22font-weight: 400;%22>Verschiedene Fabrikate auf Wunsch<\/span><\/td>\n<\/tr>\n<\/tbody>\n<\/table>\n<p>&#8220; content_phone=&#8220;<\/p>\n<table style=%22height: 450px; width: 270px;%22 height=%22506%22>\n<tbody>\n<tr>\n<td style=%22width: 348px;%22><strong>Drehmodul<br \/><span style=%22font-weight: 400;%22>Verzahnter Drehkranz<\/span><br \/><\/strong><\/td>\n<\/tr>\n<tr>\n<td style=%22width: 348px;%22><strong>Durchmesser<br \/><span style=%22font-weight: 400;%22>ab 1.200 mm <\/span><br \/><\/strong><\/td>\n<\/tr>\n<tr>\n<td style=%22width: 348px;%22><strong>Bauh\u00f6he <br \/><span style=%22font-weight: 400;%22>ab 300 mm<\/span><br \/><\/strong><\/td>\n<\/tr>\n<tr>\n<td style=%22width: 348px;%22><strong>Geschwindigkeit <br \/><span style=%22font-weight: 400;%22>2,5 upm<\/span><br \/><\/strong><\/td>\n<\/tr>\n<tr>\n<td style=%22width: 348px;%22><strong>Nutzlast<br \/><span style=%22font-weight: 400;%22>bis 2.500 kg<\/span><br \/><\/strong><\/td>\n<\/tr>\n<tr>\n<td style=%22width: 348px;%22><strong>Antrieb (IE3\/4), reversierbar<br \/><span style=%22font-weight: 400;%22>Verschiedene Fabrikate auf Wunsch<\/span><br \/><\/strong><\/td>\n<\/tr>\n<\/tbody>\n<\/table>\n<p>&#8220; content_last_edited=&#8220;on|phone&#8220; _builder_version=&#8220;4.18.0&#8243; _module_preset=&#8220;default&#8220; global_colors_info=&#8220;{}&#8220;]<\/p>\n<table style=\"height: 450px; width: 1012px;\" height=\"506\">\n<tbody>\n<tr>\n<td style=\"width: 358px;\"><strong>Drehmodul\u00a0<\/strong><\/td>\n<td style=\"width: 654px;\"><span style=\"font-weight: 400;\">Verzahnter Drehkranz<\/span><\/td>\n<\/tr>\n<tr>\n<td style=\"width: 358px;\"><strong>Durchmesser<\/strong><\/td>\n<td style=\"width: 654px;\"><span style=\"font-weight: 400;\">ab 1.200 mm\u00a0<\/span><\/td>\n<\/tr>\n<tr>\n<td style=\"width: 358px;\"><strong>Bauh\u00f6he\u00a0<\/strong><\/td>\n<td style=\"width: 654px;\"><span style=\"font-weight: 400;\">ab 300 mm<\/span><\/td>\n<\/tr>\n<tr>\n<td style=\"width: 358px;\"><strong>Geschwindigkeit\u00a0<\/strong><\/td>\n<td style=\"width: 654px;\"><span style=\"font-weight: 400;\">2,5 upm<\/span><\/td>\n<\/tr>\n<tr>\n<td style=\"width: 358px;\"><strong>Nutzlast<\/strong><\/td>\n<td style=\"width: 654px;\"><span style=\"font-weight: 400;\">bis 2.500 kg<\/span><\/td>\n<\/tr>\n<tr>\n<td style=\"width: 358px;\"><strong>Antrieb (IE3\/4), reversierbar<\/strong><\/td>\n<td style=\"width: 654px;\"><span style=\"font-weight: 400;\">Verschiedene Fabrikate auf Wunsch<\/span><\/td>\n<\/tr>\n<\/tbody>\n<\/table>\n<p>[\/et_pb_tab][\/et_pb_tabs][\/et_pb_column][\/et_pb_row][\/et_pb_section][et_pb_section fb_built=&#8220;1&#8243; admin_label=&#8220; Get a Quote&#8220; _builder_version=&#8220;4.18.0&#8243; _module_preset=&#8220;default&#8220; custom_padding=&#8220;20px|0px|20px|0px|true|false&#8220; animation_style=&#8220;slide&#8220; animation_direction=&#8220;top&#8220; animation_intensity_slide=&#8220;10%&#8220; box_shadow_style=&#8220;preset3&#8243; box_shadow_vertical=&#8220;10px&#8220; box_shadow_blur=&#8220;105px&#8220; box_shadow_spread=&#8220;0px&#8220; box_shadow_color=&#8220;rgba(0,0,0,0.12)&#8220; global_module=&#8220;459&#8243; saved_tabs=&#8220;all&#8220; global_colors_info=&#8220;{}&#8220;][et_pb_row use_custom_gutter=&#8220;on&#8220; _builder_version=&#8220;4.17.6&#8243; _module_preset=&#8220;default&#8220; background_color=&#8220;#ffffff&#8220; width=&#8220;100%&#8220; max_width=&#8220;1300px&#8220; custom_margin=&#8220;|||&#8220; global_colors_info=&#8220;{}&#8220;][et_pb_column type=&#8220;4_4&#8243; _builder_version=&#8220;4.17.6&#8243; _module_preset=&#8220;default&#8220; background_color=&#8220;RGBA(255,255,255,0)&#8220; custom_padding=&#8220;0px||||false|false&#8220; global_colors_info=&#8220;{}&#8220; custom_padding__hover=&#8220;|||&#8220;][et_pb_text content_tablet=&#8220;<\/p>\n<h2 style=%22text-align: center;%22><strong>BUDDE SYSTEMS<\/strong> \u2013 Qualit\u00e4t aus Deutschland.<\/h2>\n<p>&#8220; content_phone=&#8220;<\/p>\n<h2 style=%22text-align: center;%22><strong>BUDDE SYSTEMS<\/strong> \u2013 <br \/>Qualit\u00e4t aus Deutschland.<\/h2>\n<p>&#8220; content_last_edited=&#8220;on|phone&#8220; _builder_version=&#8220;4.18.0&#8243; _module_preset=&#8220;default&#8220; header_font=&#8220;||||||||&#8220; header_text_color=&#8220;#003D5B&#8220; header_2_font=&#8220;||||||||&#8220; header_2_text_color=&#8220;#003D5B&#8220; header_2_font_size=&#8220;42px&#8220; header_2_line_height=&#8220;1.2em&#8220; background_color=&#8220;RGBA(255,255,255,0)&#8220; header_2_font_size_tablet=&#8220;&#8220; header_2_font_size_phone=&#8220;30px&#8220; header_2_font_size_last_edited=&#8220;on|phone&#8220; global_colors_info=&#8220;{}&#8220;]<\/p>\n<h2 style=\"text-align: center;\"><strong>BUDDE SYSTEMS<\/strong> \u2013 Qualit\u00e4t aus Deutschland.<\/h2>\n<p>[\/et_pb_text][\/et_pb_column][\/et_pb_row][\/et_pb_section]<\/p>\n","protected":false},"excerpt":{"rendered":"<p>Paletten\u00ad&shy;drehteller Der Palettendrehteller ist f\u00fcr den Richtungswechsel von Paletten konstruiert. Standardm\u00e4\u00dfig ist eine Drehung von 90\u00b0 vorgesehen, diese kann allerdings variiert werden. Der Einsatz hochwertiger Komponenten \u201emade in Germany\u201c garantiert auch hier h\u00f6chste Qualit\u00e4t.+49 (0) 5207 &#8211; 992 88-0Palettendrehteller BS-PD3001Der Palettendrehteller ist f\u00fcr den Richtungswechsel von Paletten konstruiert. Standardm\u00e4\u00dfig ist eine Drehung von 90\u00b0 vorgesehen, [&hellip;]<\/p>\n","protected":false},"author":2,"featured_media":0,"parent":0,"menu_order":0,"comment_status":"closed","ping_status":"closed","template":"","meta":{"_et_pb_use_builder":"on","_et_pb_old_content":"","_et_gb_content_width":""},"_links":{"self":[{"href":"https:\/\/budde-systems.com\/en\/wp-json\/wp\/v2\/pages\/551"}],"collection":[{"href":"https:\/\/budde-systems.com\/en\/wp-json\/wp\/v2\/pages"}],"about":[{"href":"https:\/\/budde-systems.com\/en\/wp-json\/wp\/v2\/types\/page"}],"author":[{"embeddable":true,"href":"https:\/\/budde-systems.com\/en\/wp-json\/wp\/v2\/users\/2"}],"replies":[{"embeddable":true,"href":"https:\/\/budde-systems.com\/en\/wp-json\/wp\/v2\/comments?post=551"}],"version-history":[{"count":8,"href":"https:\/\/budde-systems.com\/en\/wp-json\/wp\/v2\/pages\/551\/revisions"}],"predecessor-version":[{"id":903,"href":"https:\/\/budde-systems.com\/en\/wp-json\/wp\/v2\/pages\/551\/revisions\/903"}],"wp:attachment":[{"href":"https:\/\/budde-systems.com\/en\/wp-json\/wp\/v2\/media?parent=551"}],"curies":[{"name":"wp","href":"https:\/\/api.w.org\/{rel}","templated":true}]}}