{"id":539,"date":"2022-10-15T12:53:43","date_gmt":"2022-10-15T12:53:43","guid":{"rendered":"https:\/\/budde-systems.com\/?page_id=539"},"modified":"2022-10-17T17:05:21","modified_gmt":"2022-10-17T17:05:21","slug":"rollenfoerderer","status":"publish","type":"page","link":"https:\/\/budde-systems.com\/en\/rollenfoerderer\/","title":{"rendered":"Roller conveyors"},"content":{"rendered":"<p>[et_pb_section fb_built=&#8220;1&#8243; admin_label=&#8220;Hero&#8220; _builder_version=&#8220;4.18.0&#8243; _module_preset=&#8220;default&#8220; use_background_color_gradient=&#8220;on&#8220; background_color_gradient_type=&#8220;circular&#8220; background_color_gradient_direction_radial=&#8220;top left&#8220; background_color_gradient_stops=&#8220;rgba(98,101,97,0.52) 0%|rgba(98,101,97,0.52) 100%&#8220; background_color_gradient_overlays_image=&#8220;on&#8220; background_color_gradient_start=&#8220;rgba(40,40,40,0.79)&#8220; background_color_gradient_end=&#8220;rgba(40,40,40,0.86)&#8220; background_enable_image=&#8220;off&#8220; custom_margin=&#8220;||||false&#8220; custom_padding=&#8220;||||true|false&#8220; locked=&#8220;off&#8220; global_colors_info=&#8220;{}&#8220;][et_pb_row admin_label=&#8220;Zeile&#8220; _builder_version=&#8220;4.17.4&#8243; _module_preset=&#8220;default&#8220; global_colors_info=&#8220;{}&#8220;][et_pb_column type=&#8220;4_4&#8243; _builder_version=&#8220;4.17.4&#8243; _module_preset=&#8220;default&#8220; custom_padding=&#8220;|||&#8220; global_colors_info=&#8220;{}&#8220; custom_padding__hover=&#8220;|||&#8220;][et_pb_text _builder_version=&#8220;4.18.0&#8243; _module_preset=&#8220;default&#8220; text_font=&#8220;||||||||&#8220; header_font=&#8220;|700||on|||||&#8220; header_font_size=&#8220;64px&#8220; header_line_height=&#8220;1.1em&#8220; background_layout=&#8220;dark&#8220; max_width=&#8220;800px&#8220; custom_margin=&#8220;||0px|&#8220; custom_padding=&#8220;|||16px&#8220; hover_enabled=&#8220;0&#8243; text_font_size_tablet=&#8220;14px&#8220; text_font_size_last_edited=&#8220;off|desktop&#8220; header_font_size_tablet=&#8220;44px&#8220; header_font_size_phone=&#8220;32px&#8220; header_font_size_last_edited=&#8220;on|phone&#8220; border_color_all=&#8220;#ffb400&#8243; border_width_left=&#8220;10px&#8220; border_color_left=&#8220;#003D5B&#8220; global_colors_info=&#8220;{}&#8220; sticky_enabled=&#8220;0&#8243;]<\/p>\n<h1><strong>ROLLEN\u00ad&shy;F\u00f6rderer<\/strong><\/h1>\n<p>[\/et_pb_text][\/et_pb_column][\/et_pb_row][et_pb_row _builder_version=&#8220;4.18.0&#8243; _module_preset=&#8220;default&#8220; global_colors_info=&#8220;{}&#8220;][et_pb_column type=&#8220;4_4&#8243; _builder_version=&#8220;4.18.0&#8243; _module_preset=&#8220;default&#8220; global_colors_info=&#8220;{}&#8220;][et_pb_text _builder_version=&#8220;4.18.0&#8243; _module_preset=&#8220;default&#8220; text_font=&#8220;|600|||||||&#8220; text_text_color=&#8220;#003D5B&#8220; text_font_size=&#8220;20px&#8220; text_line_height=&#8220;1.8em&#8220; width=&#8220;80%&#8220; width_tablet=&#8220;100%&#8220; width_phone=&#8220;100%&#8220; width_last_edited=&#8220;on|phone&#8220; global_colors_info=&#8220;{}&#8220;]<\/p>\n<p>Die Rollen-F\u00f6rdertechnik wird in station\u00e4re Anlagen verbaut und beispielsweise zur Sortierung, Verteilung und Lagerung von St\u00fcckgut und der Kommissionierung von Waren eingesetzt.<\/p>\n<p>[\/et_pb_text][\/et_pb_column][\/et_pb_row][\/et_pb_section][et_pb_section fb_built=&#8220;1&#8243; disabled_on=&#8220;on|on|on&#8220; admin_label=&#8220; Get a Quote&#8220; _builder_version=&#8220;4.18.0&#8243; _module_preset=&#8220;default&#8220; custom_padding=&#8220;20px|0px|20px|0px|true|false&#8220; animation_style=&#8220;slide&#8220; animation_direction=&#8220;top&#8220; animation_intensity_slide=&#8220;10%&#8220; box_shadow_style=&#8220;preset3&#8243; box_shadow_vertical=&#8220;10px&#8220; box_shadow_blur=&#8220;105px&#8220; box_shadow_spread=&#8220;0px&#8220; box_shadow_color=&#8220;rgba(0,0,0,0.12)&#8220; disabled=&#8220;on&#8220; global_module=&#8220;303&#8243; saved_tabs=&#8220;all&#8220; global_colors_info=&#8220;{}&#8220;][et_pb_row column_structure=&#8220;3_5,1_5,1_5&#8243; use_custom_gutter=&#8220;on&#8220; _builder_version=&#8220;4.18.0&#8243; _module_preset=&#8220;default&#8220; background_color=&#8220;#ffffff&#8220; width=&#8220;100%&#8220; max_width=&#8220;1300px&#8220; custom_margin=&#8220;|||&#8220; global_colors_info=&#8220;{}&#8220;][et_pb_column type=&#8220;3_5&#8243; _builder_version=&#8220;4.18.0&#8243; _module_preset=&#8220;default&#8220; background_color=&#8220;RGBA(255,255,255,0)&#8220; custom_padding=&#8220;|||0px|false|false&#8220; custom_css_main_element=&#8220;width: 50%!important;&#8220; global_colors_info=&#8220;{}&#8220; custom_padding__hover=&#8220;|||&#8220;][et_pb_blurb title=&#8220;Jetzt Beratungstermin vereinbaren&#8220; use_icon=&#8220;on&#8220; font_icon=&#8220;&#x76;||divi||400&#8243; icon_color=&#8220;#626561&#8243; icon_placement=&#8220;left&#8220; image_icon_width=&#8220;42px&#8220; content_max_width=&#8220;568px&#8220; _builder_version=&#8220;4.18.0&#8243; _module_preset=&#8220;default&#8220; header_level=&#8220;h1&#8243; header_font=&#8220;|700|||||||&#8220; header_text_align=&#8220;left&#8220; header_text_color=&#8220;#003D5B&#8220; header_font_size=&#8220;32px&#8220; body_text_align=&#8220;left&#8220; image_icon_custom_margin=&#8220;-5px||||false|false&#8220; custom_margin=&#8220;||||false|false&#8220; custom_padding=&#8220;8px||||false|false&#8220; global_colors_info=&#8220;{}&#8220;][\/et_pb_blurb][\/et_pb_column][et_pb_column type=&#8220;1_5&#8243; _builder_version=&#8220;4.17.6&#8243; _module_preset=&#8220;default&#8220; custom_padding=&#8220;|||&#8220; global_colors_info=&#8220;{}&#8220; custom_padding__hover=&#8220;|||&#8220;][et_pb_button button_url=&#8220;@ET-DC@eyJkeW5hbWljIjp0cnVlLCJjb250ZW50IjoicG9zdF9saW5rX3VybF9wYWdlIiwic2V0dGluZ3MiOnsicG9zdF9pZCI6IjM2OSJ9fQ==@&#8220; button_text=&#8220;Kontakt&#8220; _builder_version=&#8220;4.18.0&#8243; _dynamic_attributes=&#8220;button_url&#8220; _module_preset=&#8220;default&#8220; custom_button=&#8220;on&#8220; button_text_size=&#8220;20px&#8220; button_text_color=&#8220;#003D5B&#8220; button_border_width=&#8220;4px&#8220; button_border_radius=&#8220;0px&#8220; button_letter_spacing=&#8220;1px&#8220; button_font=&#8220;|700||on|||||&#8220; button_use_icon=&#8220;off&#8220; custom_padding=&#8220;5px|30px|5px|30px|true|true&#8220; button_text_color_hover=&#8220;#ffffff&#8220; button_border_color_hover=&#8220;#ffb400&#8243; button_bg_color_hover=&#8220;#ffb400&#8243; global_colors_info=&#8220;{}&#8220; button_text_size__hover_enabled=&#8220;off&#8220; button_one_text_size__hover_enabled=&#8220;off&#8220; button_two_text_size__hover_enabled=&#8220;off&#8220; button_text_color__hover_enabled=&#8220;on|desktop&#8220; button_text_color__hover=&#8220;#FFFFFF&#8220; button_one_text_color__hover_enabled=&#8220;off&#8220; button_two_text_color__hover_enabled=&#8220;off&#8220; button_border_width__hover_enabled=&#8220;off&#8220; button_one_border_width__hover_enabled=&#8220;off&#8220; button_two_border_width__hover_enabled=&#8220;off&#8220; button_border_color__hover_enabled=&#8220;on&#8220; button_border_color__hover=&#8220;#003D5B&#8220; button_one_border_color__hover_enabled=&#8220;off&#8220; button_two_border_color__hover_enabled=&#8220;off&#8220; button_border_radius__hover_enabled=&#8220;off&#8220; button_one_border_radius__hover_enabled=&#8220;off&#8220; button_two_border_radius__hover_enabled=&#8220;off&#8220; button_letter_spacing__hover_enabled=&#8220;off&#8220; button_one_letter_spacing__hover_enabled=&#8220;off&#8220; button_two_letter_spacing__hover_enabled=&#8220;off&#8220; button_bg_color__hover_enabled=&#8220;on|hover&#8220; button_bg_color__hover=&#8220;#003D5B&#8220; button_one_bg_color__hover_enabled=&#8220;off&#8220; button_two_bg_color__hover_enabled=&#8220;off&#8220; button_bg_enable_color__hover=&#8220;on&#8220;][\/et_pb_button][\/et_pb_column][et_pb_column type=&#8220;1_5&#8243; _builder_version=&#8220;4.17.6&#8243; _module_preset=&#8220;default&#8220; background_color=&#8220;RGBA(255,255,255,0)&#8220; custom_padding=&#8220;||||false|false&#8220; custom_css_main_element=&#8220;width: 20%!important;&#8220; global_colors_info=&#8220;{}&#8220; custom_padding__hover=&#8220;|||&#8220;][et_pb_text _builder_version=&#8220;4.18.0&#8243; _module_preset=&#8220;default&#8220; text_font=&#8220;|600|||||||&#8220; text_text_color=&#8220;#003D5B&#8220; text_font_size=&#8220;26px&#8220; header_2_font_size=&#8220;42px&#8220; background_color=&#8220;RGBA(255,255,255,0)&#8220; custom_margin=&#8220;16px|||0px|false|false&#8220; header_2_font_size_tablet=&#8220;&#8220; header_2_font_size_phone=&#8220;36px&#8220; header_2_font_size_last_edited=&#8220;on|phone&#8220; global_colors_info=&#8220;{}&#8220;]<\/p>\n<p style=\"text-align: right;\">+49 (0) 5207 &#8211; 992 88-0<\/p>\n<p>[\/et_pb_text][\/et_pb_column][\/et_pb_row][\/et_pb_section][et_pb_section fb_built=&#8220;1&#8243; admin_label=&#8220;About Us&#8220; _builder_version=&#8220;4.17.6&#8243; background_color=&#8220;rgba(98,101,97,0.11)&#8220; global_colors_info=&#8220;{}&#8220;][et_pb_row _builder_version=&#8220;4.18.0&#8243; _module_preset=&#8220;default&#8220; global_colors_info=&#8220;{}&#8220;][et_pb_column type=&#8220;4_4&#8243; _builder_version=&#8220;4.18.0&#8243; _module_preset=&#8220;default&#8220; global_colors_info=&#8220;{}&#8220;][et_pb_text content_tablet=&#8220;<\/p>\n<h2>Rollenf\u00f6rderer BS-RF2030<\/h2>\n<p>&#8220; content_phone=&#8220;<\/p>\n<h2>Rollenf\u00f6rderer <br \/>BS-RF2030<\/h2>\n<p>&#8220; content_last_edited=&#8220;on|phone&#8220; _builder_version=&#8220;4.18.0&#8243; text_font=&#8220;||||||||&#8220; header_font=&#8220;||||||||&#8220; header_2_font=&#8220;|700|||||||&#8220; header_2_text_color=&#8220;#003D5B&#8220; header_2_font_size=&#8220;42px&#8220; header_2_line_height=&#8220;1.2em&#8220; text_orientation=&#8220;center&#8220; module_alignment=&#8220;center&#8220; custom_margin=&#8220;|||&#8220; custom_padding=&#8220;|||&#8220; header_2_font_size_tablet=&#8220;&#8220; header_2_font_size_phone=&#8220;30px&#8220; header_2_font_size_last_edited=&#8220;on|phone&#8220; locked=&#8220;off&#8220; global_colors_info=&#8220;{}&#8220;]<\/p>\n<h2>Rollenf\u00f6rderer BS-RF2030<\/h2>\n<p>[\/et_pb_text][et_pb_divider color=&#8220;#626561&#8243; divider_position=&#8220;center&#8220; divider_weight=&#8220;5px&#8220; _builder_version=&#8220;4.17.6&#8243; max_width=&#8220;50px&#8220; module_alignment=&#8220;center&#8220; locked=&#8220;off&#8220; global_colors_info=&#8220;{}&#8220;][\/et_pb_divider][\/et_pb_column][\/et_pb_row][et_pb_row column_structure=&#8220;1_2,1_2&#8243; _builder_version=&#8220;4.17.6&#8243; _module_preset=&#8220;default&#8220; global_colors_info=&#8220;{}&#8220;][et_pb_column type=&#8220;1_2&#8243; _builder_version=&#8220;4.17.6&#8243; _module_preset=&#8220;default&#8220; global_colors_info=&#8220;{}&#8220;][et_pb_image src=&#8220;https:\/\/budde-systems.com\/wp-content\/uploads\/2022\/08\/Gerade_weiss_v2.43_600x600px.jpg&#8220; title_text=&#8220;Gerade_wei\u00df_v2.43_600x600px&#8220; _builder_version=&#8220;4.18.0&#8243; _module_preset=&#8220;default&#8220; global_colors_info=&#8220;{}&#8220;][\/et_pb_image][et_pb_gallery gallery_ids=&#8220;764,765,766,767&#8243; show_title_and_caption=&#8220;off&#8220; show_pagination=&#8220;off&#8220; zoom_icon_color=&#8220;#003D5B&#8220; hover_icon=&#8220;&#x2e;||divi||400&#8243; _builder_version=&#8220;4.18.0&#8243; _module_preset=&#8220;default&#8220; custom_css_gallery_item=&#8220;width: 24.2% !important;||margin: 2px !important;||clear: none !important;&#8220; global_colors_info=&#8220;{}&#8220;][\/et_pb_gallery][\/et_pb_column][et_pb_column type=&#8220;1_2&#8243; _builder_version=&#8220;4.17.6&#8243; _module_preset=&#8220;default&#8220; global_colors_info=&#8220;{}&#8220;][et_pb_text _builder_version=&#8220;4.18.0&#8243; _module_preset=&#8220;default&#8220; text_font_size=&#8220;18px&#8220; text_line_height=&#8220;1.8em&#8220; global_colors_info=&#8220;{}&#8220;]<\/p>\n<p>Der robuste Rollenf\u00f6rderer wird \u00fcber einen 24-V-Motor angetrieben.<br \/>Der <strong>BS-RF2030<\/strong> eignet sich f\u00fcr den staudrucklosen Transport von Paketen, Reifen und Kunststoffbeh\u00e4ltern. Der \u00dcbertrieb von Rolle zu Rolle erfolgt \u00fcber Poly-V-Riemen. Er wird montiert und vorverkabelt inklusive Lichtschranken, Steuermodulen und St\u00fctzen geliefert.<\/p>\n<p>[\/et_pb_text][\/et_pb_column][\/et_pb_row][et_pb_row _builder_version=&#8220;4.18.0&#8243; _module_preset=&#8220;default&#8220; global_colors_info=&#8220;{}&#8220;][et_pb_column type=&#8220;4_4&#8243; _builder_version=&#8220;4.18.0&#8243; _module_preset=&#8220;default&#8220; global_colors_info=&#8220;{}&#8220;][et_pb_tabs active_tab_background_color=&#8220;#003D5B&#8220; _builder_version=&#8220;4.18.0&#8243; _module_preset=&#8220;default&#8220; tab_text_color=&#8220;#FFFFFF&#8220; background_color=&#8220;#FFFFFF&#8220; border_width_all=&#8220;0px&#8220; border_color_all=&#8220;#626561&#8243; global_colors_info=&#8220;{}&#8220;][et_pb_tab title=&#8220;Technische Daten&#8220; content_tablet=&#8220;<\/p>\n<table style=%22height: 373px; width: 550px;%22 height=%22506%22>\n<tbody>\n<tr style=%22height: 33px;%22>\n<td 347px=%22%22 style=%22width: 356.094px; height: 33px;%22><strong>Traglast<\/strong><\/td>\n<td 521px=%22%22 style=%22width: 647.906px; height: 33px;%22><span style=%22font-weight: 400;%22>50 kg pro Stauplatz<\/span><\/td>\n<\/tr>\n<tr style=%22height: 33px;%22>\n<td 347px=%22%22 style=%22width: 356.094px; height: 33px;%22><strong>Umgebungstemperatur<\/strong><\/td>\n<td 521px=%22%22 style=%22width: 647.906px; height: 33px;%22><span style=%22font-weight: 400;%22>0 bis 40 \u00b0C <\/span><\/td>\n<\/tr>\n<tr style=%22height: 33px;%22>\n<td 347px=%22%22 style=%22width: 356.094px; height: 33px;%22><strong>Umgebungsort<\/strong><\/td>\n<td 521px=%22%22 style=%22width: 647.906px; height: 33px;%22>Produktions- und Lagerhallen<\/td>\n<\/tr>\n<tr style=%22height: 33px;%22>\n<td 347px=%22%22 style=%22width: 356.094px; height: 33px;%22><strong>Nennbreiten<\/strong><\/td>\n<td 521px=%22%22 style=%22width: 647.906px; height: 33px;%22><span style=%22font-weight: 400;%22>bis 1.000 mm <\/span><\/td>\n<\/tr>\n<tr style=%22height: 33px;%22>\n<td 347px=%22%22 style=%22width: 356.094px; height: 33px;%22><strong>Rollenteilung<\/strong><\/td>\n<td 521px=%22%22 style=%22width: 647.906px; height: 33px;%22><span style=%22font-weight: 400;%22>60 mm \/ 75mm \/ 90 mm <\/span><\/td>\n<\/tr>\n<tr style=%22height: 33px;%22>\n<td 347px=%22%22 style=%22width: 356.094px; height: 33px;%22><strong>Modull\u00e4nge<\/strong><\/td>\n<td 521px=%22%22 style=%22width: 647.906px; height: 33px;%22><span style=%22font-weight: 400;%22>abh\u00e4ngig von Stauplatzgr\u00f6\u00dfe, max. 3.000 mm<\/span><\/td>\n<\/tr>\n<tr style=%22height: 33px;%22>\n<td 347px=%22%22 style=%22width: 356.094px; height: 33px;%22><strong>Rollenart<\/strong><\/td>\n<td 521px=%22%22 style=%22width: 647.906px; height: 33px;%22><span style=%22font-weight: 400;%22>Tragrolle aus verzinktem Stahl, wahlweise gummiert<\/span><\/td>\n<\/tr>\n<tr style=%22height: 33px;%22>\n<td 347px=%22%22 style=%22width: 356.094px; height: 33px;%22><strong>Rollendurchmesser<\/strong><\/td>\n<td 521px=%22%22 style=%22width: 647.906px; height: 33px;%22>50 mm<\/td>\n<\/tr>\n<tr style=%22height: 33px;%22>\n<td 347px=%22%22 style=%22width: 356.094px; height: 33px;%22><strong>\u00dcbertrieb<\/strong><\/td>\n<td 521px=%22%22 style=%22width: 647.906px; height: 33px;%22><span style=%22font-weight: 400;%22>von Rolle zu Rolle mittels Poly-V-Riemen<\/span><\/td>\n<\/tr>\n<tr style=%22height: 33px;%22>\n<td 347px=%22%22 style=%22width: 356.094px; height: 33px;%22><strong>F\u00f6rdergeschwindigkeit (max.)<\/strong><\/td>\n<td 521px=%22%22 style=%22width: 647.906px; height: 33px;%22><span style=%22font-weight: 400;%22>1,0 m\/s<\/span><\/td>\n<\/tr>\n<tr style=%22height: 33px;%22>\n<td 347px=%22%22 style=%22width: 356.094px; height: 33px;%22><strong>Seitenprofil<\/strong><\/td>\n<td 521px=%22%22 style=%22width: 647.906px; height: 33px;%22><span style=%22font-weight: 400;%22>C-Profilrahmen, gepulvert, RAL-Ton nach Wunsch<\/span><\/td>\n<\/tr>\n<\/tbody>\n<\/table>\n<p>&#8220; content_phone=&#8220;<\/p>\n<table style=%22height: 373px; width: 270px;%22 height=%22506%22>\n<tbody>\n<tr style=%22height: 33px;%22>\n<td 347px=%22%22 style=%22width: 346px; height: 33px;%22><strong>Traglast<br \/><span style=%22font-weight: 400;%22>50 kg pro Stauplatz<\/span><br \/><\/strong><\/td>\n<\/tr>\n<tr style=%22height: 33px;%22>\n<td 347px=%22%22 style=%22width: 346px; height: 33px;%22><strong>Umgebungstemperatur<br \/><span style=%22font-weight: 400;%22>0 bis 40 \u00b0C <\/span><br \/><\/strong><\/td>\n<\/tr>\n<tr style=%22height: 33px;%22>\n<td 347px=%22%22 style=%22width: 346px; height: 33px;%22><strong>Umgebungsort<br \/><\/strong>Produktions- und Lagerhallen<strong><br \/><\/strong><\/td>\n<\/tr>\n<tr style=%22height: 33px;%22>\n<td 347px=%22%22 style=%22width: 346px; height: 33px;%22><strong>Nennbreiten<br \/><span style=%22font-weight: 400;%22>bis 1.000 mm <\/span><br \/><\/strong><\/td>\n<\/tr>\n<tr style=%22height: 33px;%22>\n<td 347px=%22%22 style=%22width: 346px; height: 33px;%22><strong>Rollenteilung<br \/><span style=%22font-weight: 400;%22>60 mm \/ 75mm \/ 90 mm <\/span><br \/><\/strong><\/td>\n<\/tr>\n<tr style=%22height: 33px;%22>\n<td 347px=%22%22 style=%22width: 346px; height: 33px;%22><strong>Modull\u00e4nge<br \/><span style=%22font-weight: 400;%22>abh\u00e4ngig von Stauplatzgr\u00f6\u00dfe, max. 3.000 mm<\/span><br \/><\/strong><\/td>\n<\/tr>\n<tr style=%22height: 33px;%22>\n<td 347px=%22%22 style=%22width: 346px; height: 33px;%22><strong>Rollenart<br \/><span style=%22font-weight: 400;%22>Tragrolle aus verzinktem Stahl, wahlweise gummiert<\/span><br \/><\/strong><\/td>\n<\/tr>\n<tr style=%22height: 33px;%22>\n<td 347px=%22%22 style=%22width: 346px; height: 33px;%22><strong>Rollendurchmesser<br \/>50 mm<br \/><\/strong><\/td>\n<\/tr>\n<tr style=%22height: 33px;%22>\n<td 347px=%22%22 style=%22width: 346px; height: 33px;%22><strong>\u00dcbertrieb<br \/><span style=%22font-weight: 400;%22>von Rolle zu Rolle mittels Poly-V-Riemen<\/span><br \/><\/strong><\/td>\n<\/tr>\n<tr style=%22height: 33px;%22>\n<td 347px=%22%22 style=%22width: 346px; height: 33px;%22><strong>F\u00f6rdergeschwindigkeit (max.)<br \/><span style=%22font-weight: 400;%22>1,0 m\/s<\/span><br \/><\/strong><\/td>\n<\/tr>\n<tr style=%22height: 33px;%22>\n<td 521px=%22%22 style=%22width: 346px; height: 33px;%22><span style=%22font-weight: 400;%22>C-Profilrahmen, gepulvert, RAL-Ton nach Wunsch<\/span><\/td>\n<\/tr>\n<\/tbody>\n<\/table>\n<p>&#8220; content_last_edited=&#8220;on|phone&#8220; _builder_version=&#8220;4.18.0&#8243; _module_preset=&#8220;default&#8220; global_colors_info=&#8220;{}&#8220;]<\/p>\n<table style=\"height: 373px; width: 1020px;\" height=\"506\">\n<tbody>\n<tr style=\"height: 33px;\">\n<td 347px=\"\" style=\"width: 356.094px; height: 33px;\"><strong>Traglast<\/strong><\/td>\n<td 521px=\"\" style=\"width: 647.906px; height: 33px;\"><span style=\"font-weight: 400;\">50 kg pro Stauplatz<\/span><\/td>\n<\/tr>\n<tr style=\"height: 33px;\">\n<td 347px=\"\" style=\"width: 356.094px; height: 33px;\"><strong>Umgebungstemperatur<\/strong><\/td>\n<td 521px=\"\" style=\"width: 647.906px; height: 33px;\"><span style=\"font-weight: 400;\">0 bis 40 \u00b0C <\/span><\/td>\n<\/tr>\n<tr style=\"height: 33px;\">\n<td 347px=\"\" style=\"width: 356.094px; height: 33px;\"><strong>Umgebungsort<\/strong><\/td>\n<td 521px=\"\" style=\"width: 647.906px; height: 33px;\">Produktions- und Lagerhallen<\/td>\n<\/tr>\n<tr style=\"height: 33px;\">\n<td 347px=\"\" style=\"width: 356.094px; height: 33px;\"><strong>Nennbreiten<\/strong><\/td>\n<td 521px=\"\" style=\"width: 647.906px; height: 33px;\"><span style=\"font-weight: 400;\">bis 1.000 mm <\/span><\/td>\n<\/tr>\n<tr style=\"height: 33px;\">\n<td 347px=\"\" style=\"width: 356.094px; height: 33px;\"><strong>Rollenteilung<\/strong><\/td>\n<td 521px=\"\" style=\"width: 647.906px; height: 33px;\"><span style=\"font-weight: 400;\">60 mm \/ 75mm \/ 90 mm <\/span><\/td>\n<\/tr>\n<tr style=\"height: 33px;\">\n<td 347px=\"\" style=\"width: 356.094px; height: 33px;\"><strong>Modull\u00e4nge<\/strong><\/td>\n<td 521px=\"\" style=\"width: 647.906px; height: 33px;\"><span style=\"font-weight: 400;\">abh\u00e4ngig von Stauplatzgr\u00f6\u00dfe, max. 3.000 mm<\/span><\/td>\n<\/tr>\n<tr style=\"height: 33px;\">\n<td 347px=\"\" style=\"width: 356.094px; height: 33px;\"><strong>Rollenart<\/strong><\/td>\n<td 521px=\"\" style=\"width: 647.906px; height: 33px;\"><span style=\"font-weight: 400;\">Tragrolle aus verzinktem Stahl, wahlweise gummiert<\/span><\/td>\n<\/tr>\n<tr style=\"height: 33px;\">\n<td 347px=\"\" style=\"width: 356.094px; height: 33px;\"><strong>Rollendurchmesser<\/strong><\/td>\n<td 521px=\"\" style=\"width: 647.906px; height: 33px;\">50 mm<\/td>\n<\/tr>\n<tr style=\"height: 33px;\">\n<td 347px=\"\" style=\"width: 356.094px; height: 33px;\"><strong>\u00dcbertrieb<\/strong><\/td>\n<td 521px=\"\" style=\"width: 647.906px; height: 33px;\"><span style=\"font-weight: 400;\">von Rolle zu Rolle mittels Poly-V-Riemen<\/span><\/td>\n<\/tr>\n<tr style=\"height: 33px;\">\n<td 347px=\"\" style=\"width: 356.094px; height: 33px;\"><strong>F\u00f6rdergeschwindigkeit (max.)<\/strong><\/td>\n<td 521px=\"\" style=\"width: 647.906px; height: 33px;\"><span style=\"font-weight: 400;\">1,0 m\/s<\/span><\/td>\n<\/tr>\n<tr style=\"height: 33px;\">\n<td 347px=\"\" style=\"width: 356.094px; height: 33px;\"><strong>Seitenprofil<\/strong><\/td>\n<td 521px=\"\" style=\"width: 647.906px; height: 33px;\"><span style=\"font-weight: 400;\">C-Profilrahmen, gepulvert, RAL-Ton nach Wunsch<\/span><\/td>\n<\/tr>\n<\/tbody>\n<\/table>\n<p>[\/et_pb_tab][\/et_pb_tabs][\/et_pb_column][\/et_pb_row][\/et_pb_section][et_pb_section fb_built=&#8220;1&#8243; admin_label=&#8220; Get a Quote&#8220; _builder_version=&#8220;4.18.0&#8243; _module_preset=&#8220;default&#8220; custom_padding=&#8220;20px|0px|20px|0px|true|false&#8220; animation_style=&#8220;slide&#8220; animation_direction=&#8220;top&#8220; animation_intensity_slide=&#8220;10%&#8220; box_shadow_style=&#8220;preset3&#8243; box_shadow_vertical=&#8220;10px&#8220; box_shadow_blur=&#8220;105px&#8220; box_shadow_spread=&#8220;0px&#8220; box_shadow_color=&#8220;rgba(0,0,0,0.12)&#8220; global_module=&#8220;459&#8243; saved_tabs=&#8220;all&#8220; global_colors_info=&#8220;{}&#8220;][et_pb_row use_custom_gutter=&#8220;on&#8220; _builder_version=&#8220;4.17.6&#8243; _module_preset=&#8220;default&#8220; background_color=&#8220;#ffffff&#8220; width=&#8220;100%&#8220; max_width=&#8220;1300px&#8220; custom_margin=&#8220;|||&#8220; global_colors_info=&#8220;{}&#8220;][et_pb_column type=&#8220;4_4&#8243; _builder_version=&#8220;4.17.6&#8243; _module_preset=&#8220;default&#8220; background_color=&#8220;RGBA(255,255,255,0)&#8220; custom_padding=&#8220;0px||||false|false&#8220; global_colors_info=&#8220;{}&#8220; custom_padding__hover=&#8220;|||&#8220;][et_pb_text content_tablet=&#8220;<\/p>\n<h2 style=%22text-align: center;%22><strong>BUDDE SYSTEMS<\/strong> \u2013 Qualit\u00e4t aus Deutschland.<\/h2>\n<p>&#8220; content_phone=&#8220;<\/p>\n<h2 style=%22text-align: center;%22><strong>BUDDE SYSTEMS<\/strong> \u2013 <br \/>Qualit\u00e4t aus Deutschland.<\/h2>\n<p>&#8220; content_last_edited=&#8220;on|phone&#8220; _builder_version=&#8220;4.18.0&#8243; _module_preset=&#8220;default&#8220; header_font=&#8220;||||||||&#8220; header_text_color=&#8220;#003D5B&#8220; header_2_font=&#8220;||||||||&#8220; header_2_text_color=&#8220;#003D5B&#8220; header_2_font_size=&#8220;42px&#8220; header_2_line_height=&#8220;1.2em&#8220; background_color=&#8220;RGBA(255,255,255,0)&#8220; header_2_font_size_tablet=&#8220;&#8220; header_2_font_size_phone=&#8220;30px&#8220; header_2_font_size_last_edited=&#8220;on|phone&#8220; global_colors_info=&#8220;{}&#8220;]<\/p>\n<h2 style=\"text-align: center;\"><strong>BUDDE SYSTEMS<\/strong> \u2013 Qualit\u00e4t aus Deutschland.<\/h2>\n<p>[\/et_pb_text][\/et_pb_column][\/et_pb_row][\/et_pb_section]<\/p>\n","protected":false},"excerpt":{"rendered":"<p>ROLLEN\u00ad&shy;F\u00f6rdererDie Rollen-F\u00f6rdertechnik wird in station\u00e4re Anlagen verbaut und beispielsweise zur Sortierung, Verteilung und Lagerung von St\u00fcckgut und der Kommissionierung von Waren eingesetzt.+49 (0) 5207 &#8211; 992 88-0Rollenf\u00f6rderer BS-RF2030Der robuste Rollenf\u00f6rderer wird \u00fcber einen 24-V-Motor angetrieben.Der BS-RF2030 eignet sich f\u00fcr den staudrucklosen Transport von Paketen, Reifen und Kunststoffbeh\u00e4ltern. Der \u00dcbertrieb von Rolle zu Rolle erfolgt \u00fcber [&hellip;]<\/p>\n","protected":false},"author":2,"featured_media":0,"parent":0,"menu_order":0,"comment_status":"closed","ping_status":"closed","template":"","meta":{"_et_pb_use_builder":"on","_et_pb_old_content":"","_et_gb_content_width":""},"_links":{"self":[{"href":"https:\/\/budde-systems.com\/en\/wp-json\/wp\/v2\/pages\/539"}],"collection":[{"href":"https:\/\/budde-systems.com\/en\/wp-json\/wp\/v2\/pages"}],"about":[{"href":"https:\/\/budde-systems.com\/en\/wp-json\/wp\/v2\/types\/page"}],"author":[{"embeddable":true,"href":"https:\/\/budde-systems.com\/en\/wp-json\/wp\/v2\/users\/2"}],"replies":[{"embeddable":true,"href":"https:\/\/budde-systems.com\/en\/wp-json\/wp\/v2\/comments?post=539"}],"version-history":[{"count":8,"href":"https:\/\/budde-systems.com\/en\/wp-json\/wp\/v2\/pages\/539\/revisions"}],"predecessor-version":[{"id":909,"href":"https:\/\/budde-systems.com\/en\/wp-json\/wp\/v2\/pages\/539\/revisions\/909"}],"wp:attachment":[{"href":"https:\/\/budde-systems.com\/en\/wp-json\/wp\/v2\/media?parent=539"}],"curies":[{"name":"wp","href":"https:\/\/api.w.org\/{rel}","templated":true}]}}